{"id":45444,"date":"2018-10-23T05:40:59","date_gmt":"2018-10-23T08:40:59","guid":{"rendered":"https:\/\/www.vagasempregosp.com.br\/?page_id=45444"},"modified":"2018-10-23T05:40:59","modified_gmt":"2018-10-23T08:40:59","slug":"regras","status":"publish","type":"page","link":"https:\/\/www.vagasempregosp.com.br\/index.php\/regras\/","title":{"rendered":"Regras"},"content":{"rendered":"<p>Pedimos que as leia com a m\u00e1xima aten\u00e7\u00e3o as regras para postagem de vagas no site <strong>VagasEmpregoSP<\/strong>.<\/p>\n<p><strong>Regras para Todos os An\u00fancios de Vagas:<\/strong><\/p>\n<ul>\n<li style=\"text-align: justify;\">N\u00e3o divulgamos an\u00fancios de cursos disfar\u00e7ados de vagas de emprego, pir\u00e2mides, MMN, sistemas de &#8220;trabalhe em casa&#8221;\u00a0e assemelhados.<\/li>\n<li style=\"text-align: justify;\">De acordo com a legisla\u00e7\u00e3o vigente salientamos que n\u00e3o \u00e9 permitido fazer restri\u00e7\u00e3o a sexo, idade, estado civil e ra\u00e7a ou exigir experi\u00eancia superior a 6 meses. <strong>An\u00fancios em que houver alguma restri\u00e7\u00e3o desse tipo ser\u00e3o editados ou n\u00e3o ser\u00e3o publicados.<\/strong><\/li>\n<li style=\"text-align: justify;\">Vagas para trabalho aut\u00f4nomo devem ser <strong>claramente identificadas como tal no corpo do an\u00fancio<\/strong>. N\u00f3s publicamos vagas para trabalho aut\u00f4nomo, desde que o an\u00fancio n\u00e3o tente enganar o usu\u00e1rio fazendo com que ele acredite que trata-se de uma oferta de emprego.<\/li>\n<li style=\"text-align: justify;\">Os dados da empresa que est\u00e1 anunciando a vaga devem ser <strong>verdadeiros<\/strong>, inclusive o CNPJ e o nome do recrutador. An\u00fancios enviados com dados falsos ou incorretos n\u00e3o ser\u00e3o publicados e se for constatado que houve m\u00e1 f\u00e9 o recrutador ser\u00e1 banido do site.<\/li>\n<\/ul>\n<p><strong>An\u00fancios de Vagas em Destaque:<\/strong><\/p>\n<ul>\n<li style=\"text-align: justify;\">An\u00fancios em destaque s\u00e3o repetidos por 3 dias \u00fateis consecutivos, sempre nos hor\u00e1rios de maior movimento do site e com seu texto de cor diferenciada.<\/li>\n<li style=\"text-align: justify;\">A primeira publica\u00e7\u00e3o do an\u00fancio em destaque ocorrer\u00e1 em no m\u00e1ximo 24 horas ap\u00f3s a aprova\u00e7\u00e3o do pagamento pelo PagSeguro. As publica\u00e7\u00f5es seguintes ser\u00e3o feitas em hor\u00e1rios alternados, sempre entre os hor\u00e1rios de pico do site, mas n\u00e3o necessariamente sempre no mesmo hor\u00e1rio.<\/li>\n<\/ul>\n","protected":false},"excerpt":{"rendered":"<p>Pedimos que as leia com a m\u00e1xima aten\u00e7\u00e3o as regras para postagem de vagas no site VagasEmpregoSP. Regras para Todos os An\u00fancios de Vagas: N\u00e3o [&#8230;]<\/p>\n","protected":false},"author":4,"featured_media":0,"parent":0,"menu_order":0,"comment_status":"closed","ping_status":"closed","template":"","meta":{"footnotes":""},"class_list":["post-45444","page","type-page","status-publish","hentry"],"yoast_head":"<!-- This site is optimized with the Yoast SEO plugin v27.6 - https:\/\/yoast.com\/product\/yoast-seo-wordpress\/ -->\n<title>Regras - VagasEmpregoSP<\/title>\n<meta name=\"robots\" content=\"index, follow, max-snippet:-1, max-image-preview:large, max-video-preview:-1\" \/>\n<link rel=\"canonical\" href=\"https:\/\/www.vagasempregosp.com.br\/index.php\/regras\/\" \/>\n<meta property=\"og:locale\" content=\"pt_BR\" \/>\n<meta property=\"og:type\" content=\"article\" \/>\n<meta property=\"og:title\" content=\"Regras - VagasEmpregoSP\" \/>\n<meta property=\"og:description\" content=\"Pedimos que as leia com a m\u00e1xima aten\u00e7\u00e3o as regras para postagem de vagas no site VagasEmpregoSP. Regras para Todos os An\u00fancios de Vagas: N\u00e3o [...]\" \/>\n<meta property=\"og:url\" content=\"https:\/\/www.vagasempregosp.com.br\/index.php\/regras\/\" \/>\n<meta property=\"og:site_name\" content=\"VagasEmpregoSP\" \/>\n<meta name=\"twitter:card\" content=\"summary_large_image\" \/>\n<meta name=\"twitter:label1\" content=\"Est. tempo de leitura\" \/>\n\t<meta name=\"twitter:data1\" content=\"1 minuto\" \/>\n<script type=\"application\/ld+json\" class=\"yoast-schema-graph\">{\"@context\":\"https:\\\/\\\/schema.org\",\"@graph\":[{\"@type\":\"WebPage\",\"@id\":\"https:\\\/\\\/www.vagasempregosp.com.br\\\/index.php\\\/regras\\\/\",\"url\":\"https:\\\/\\\/www.vagasempregosp.com.br\\\/index.php\\\/regras\\\/\",\"name\":\"Regras - VagasEmpregoSP\",\"isPartOf\":{\"@id\":\"https:\\\/\\\/www.vagasempregosp.com.br\\\/#website\"},\"datePublished\":\"2018-10-23T08:40:59+00:00\",\"breadcrumb\":{\"@id\":\"https:\\\/\\\/www.vagasempregosp.com.br\\\/index.php\\\/regras\\\/#breadcrumb\"},\"inLanguage\":\"pt-BR\",\"potentialAction\":[{\"@type\":\"ReadAction\",\"target\":[\"https:\\\/\\\/www.vagasempregosp.com.br\\\/index.php\\\/regras\\\/\"]}]},{\"@type\":\"BreadcrumbList\",\"@id\":\"https:\\\/\\\/www.vagasempregosp.com.br\\\/index.php\\\/regras\\\/#breadcrumb\",\"itemListElement\":[{\"@type\":\"ListItem\",\"position\":1,\"name\":\"Home\",\"item\":\"https:\\\/\\\/www.vagasempregosp.com.br\\\/\"},{\"@type\":\"ListItem\",\"position\":2,\"name\":\"Regras\"}]},{\"@type\":\"WebSite\",\"@id\":\"https:\\\/\\\/www.vagasempregosp.com.br\\\/#website\",\"url\":\"https:\\\/\\\/www.vagasempregosp.com.br\\\/\",\"name\":\"VagasEmpregoSP\",\"description\":\"Vagas de Emprego e Est\u00e1gio em S\u00e3o Paulo\",\"publisher\":{\"@id\":\"https:\\\/\\\/www.vagasempregosp.com.br\\\/#organization\"},\"potentialAction\":[{\"@type\":\"SearchAction\",\"target\":{\"@type\":\"EntryPoint\",\"urlTemplate\":\"https:\\\/\\\/www.vagasempregosp.com.br\\\/?s={search_term_string}\"},\"query-input\":{\"@type\":\"PropertyValueSpecification\",\"valueRequired\":true,\"valueName\":\"search_term_string\"}}],\"inLanguage\":\"pt-BR\"},{\"@type\":\"Organization\",\"@id\":\"https:\\\/\\\/www.vagasempregosp.com.br\\\/#organization\",\"name\":\"VagasEmpregoSP\",\"url\":\"https:\\\/\\\/www.vagasempregosp.com.br\\\/\",\"logo\":{\"@type\":\"ImageObject\",\"inLanguage\":\"pt-BR\",\"@id\":\"https:\\\/\\\/www.vagasempregosp.com.br\\\/#\\\/schema\\\/logo\\\/image\\\/\",\"url\":\"https:\\\/\\\/www.vagasempregosp.com.br\\\/wp-content\\\/uploads\\\/2025\\\/06\\\/cropped-logovsp2015.jpg\",\"contentUrl\":\"https:\\\/\\\/www.vagasempregosp.com.br\\\/wp-content\\\/uploads\\\/2025\\\/06\\\/cropped-logovsp2015.jpg\",\"width\":323,\"height\":90,\"caption\":\"VagasEmpregoSP\"},\"image\":{\"@id\":\"https:\\\/\\\/www.vagasempregosp.com.br\\\/#\\\/schema\\\/logo\\\/image\\\/\"}}]}<\/script>\n<!-- \/ Yoast SEO plugin. -->","yoast_head_json":{"title":"Regras - VagasEmpregoSP","robots":{"index":"index","follow":"follow","max-snippet":"max-snippet:-1","max-image-preview":"max-image-preview:large","max-video-preview":"max-video-preview:-1"},"canonical":"https:\/\/www.vagasempregosp.com.br\/index.php\/regras\/","og_locale":"pt_BR","og_type":"article","og_title":"Regras - VagasEmpregoSP","og_description":"Pedimos que as leia com a m\u00e1xima aten\u00e7\u00e3o as regras para postagem de vagas no site VagasEmpregoSP. Regras para Todos os An\u00fancios de Vagas: N\u00e3o [...]","og_url":"https:\/\/www.vagasempregosp.com.br\/index.php\/regras\/","og_site_name":"VagasEmpregoSP","twitter_card":"summary_large_image","twitter_misc":{"Est. tempo de leitura":"1 minuto"},"schema":{"@context":"https:\/\/schema.org","@graph":[{"@type":"WebPage","@id":"https:\/\/www.vagasempregosp.com.br\/index.php\/regras\/","url":"https:\/\/www.vagasempregosp.com.br\/index.php\/regras\/","name":"Regras - VagasEmpregoSP","isPartOf":{"@id":"https:\/\/www.vagasempregosp.com.br\/#website"},"datePublished":"2018-10-23T08:40:59+00:00","breadcrumb":{"@id":"https:\/\/www.vagasempregosp.com.br\/index.php\/regras\/#breadcrumb"},"inLanguage":"pt-BR","potentialAction":[{"@type":"ReadAction","target":["https:\/\/www.vagasempregosp.com.br\/index.php\/regras\/"]}]},{"@type":"BreadcrumbList","@id":"https:\/\/www.vagasempregosp.com.br\/index.php\/regras\/#breadcrumb","itemListElement":[{"@type":"ListItem","position":1,"name":"Home","item":"https:\/\/www.vagasempregosp.com.br\/"},{"@type":"ListItem","position":2,"name":"Regras"}]},{"@type":"WebSite","@id":"https:\/\/www.vagasempregosp.com.br\/#website","url":"https:\/\/www.vagasempregosp.com.br\/","name":"VagasEmpregoSP","description":"Vagas de Emprego e Est\u00e1gio em S\u00e3o Paulo","publisher":{"@id":"https:\/\/www.vagasempregosp.com.br\/#organization"},"potentialAction":[{"@type":"SearchAction","target":{"@type":"EntryPoint","urlTemplate":"https:\/\/www.vagasempregosp.com.br\/?s={search_term_string}"},"query-input":{"@type":"PropertyValueSpecification","valueRequired":true,"valueName":"search_term_string"}}],"inLanguage":"pt-BR"},{"@type":"Organization","@id":"https:\/\/www.vagasempregosp.com.br\/#organization","name":"VagasEmpregoSP","url":"https:\/\/www.vagasempregosp.com.br\/","logo":{"@type":"ImageObject","inLanguage":"pt-BR","@id":"https:\/\/www.vagasempregosp.com.br\/#\/schema\/logo\/image\/","url":"https:\/\/www.vagasempregosp.com.br\/wp-content\/uploads\/2025\/06\/cropped-logovsp2015.jpg","contentUrl":"https:\/\/www.vagasempregosp.com.br\/wp-content\/uploads\/2025\/06\/cropped-logovsp2015.jpg","width":323,"height":90,"caption":"VagasEmpregoSP"},"image":{"@id":"https:\/\/www.vagasempregosp.com.br\/#\/schema\/logo\/image\/"}}]}},"_links":{"self":[{"href":"https:\/\/www.vagasempregosp.com.br\/index.php\/wp-json\/wp\/v2\/pages\/45444","targetHints":{"allow":["GET"]}}],"collection":[{"href":"https:\/\/www.vagasempregosp.com.br\/index.php\/wp-json\/wp\/v2\/pages"}],"about":[{"href":"https:\/\/www.vagasempregosp.com.br\/index.php\/wp-json\/wp\/v2\/types\/page"}],"author":[{"embeddable":true,"href":"https:\/\/www.vagasempregosp.com.br\/index.php\/wp-json\/wp\/v2\/users\/4"}],"replies":[{"embeddable":true,"href":"https:\/\/www.vagasempregosp.com.br\/index.php\/wp-json\/wp\/v2\/comments?post=45444"}],"version-history":[{"count":0,"href":"https:\/\/www.vagasempregosp.com.br\/index.php\/wp-json\/wp\/v2\/pages\/45444\/revisions"}],"wp:attachment":[{"href":"https:\/\/www.vagasempregosp.com.br\/index.php\/wp-json\/wp\/v2\/media?parent=45444"}],"curies":[{"name":"wp","href":"https:\/\/api.w.org\/{rel}","templated":true}]}}