{"id":23313,"date":"2014-05-16T00:07:32","date_gmt":"2014-05-16T03:07:32","guid":{"rendered":"http:\/\/www.vagasempregosp.com.br\/?page_id=23313"},"modified":"2014-05-16T00:07:32","modified_gmt":"2014-05-16T03:07:32","slug":"denunciar-anuncio","status":"publish","type":"page","link":"https:\/\/www.vagasempregosp.com.br\/index.php\/denunciar-anuncio\/","title":{"rendered":"Denunciar"},"content":{"rendered":"<p style=\"text-align: justify;\">Sempre que voc\u00ea encontrar em nosso site algum an\u00fancio de vaga enganoso ou ilegal pedimos que denuncie enviando um e-mail para <a href=\"mailto:denunciar@vagasempregosp.com.br\">denunciar@vagasempregosp.com.br<\/a>. Temos v\u00e1rios anos de experi\u00eancia no segmento de sites gratuitos de emprego e normalmente quando detectamos um an\u00fancio de vaga desse tipo n\u00f3s nem publicamos, mas os infratores s\u00e3o criativos e \u00e0s vezes o an\u00fancio vem t\u00e3o bem disfar\u00e7ado que n\u00f3s n\u00e3o percebemos.<\/p>\n<p style=\"text-align: justify;\">Denuncie tamb\u00e9m se\u00a0voc\u00ea responder a um an\u00fancio de emprego e o anunciante lhe disser que voc\u00ea precisa pagar para ter mais informa\u00e7\u00e3o ou que voc\u00ea precisa pagar por algum curso antes. Al\u00e9m disso, jamais\u00a0pague! Empresas de RH id\u00f4neas n\u00e3o cobram dos candidatos pela presta\u00e7\u00e3o de seus servi\u00e7os, \u00e9 o empregador quem arca com esse custo.<\/p>\n","protected":false},"excerpt":{"rendered":"<p>Sempre que voc\u00ea encontrar em nosso site algum an\u00fancio de vaga enganoso ou ilegal pedimos que denuncie enviando um e-mail para denunciar@vagasempregosp.com.br. Temos v\u00e1rios anos [&#8230;]<\/p>\n","protected":false},"author":2,"featured_media":0,"parent":0,"menu_order":20,"comment_status":"closed","ping_status":"closed","template":"","meta":{"footnotes":""},"class_list":["post-23313","page","type-page","status-publish","hentry"],"yoast_head":"<!-- This site is optimized with the Yoast SEO plugin v27.6 - https:\/\/yoast.com\/product\/yoast-seo-wordpress\/ -->\n<title>Denuncie<\/title>\n<meta name=\"description\" content=\"Denuncie se por acaso encontrar um an\u00fancio ilegal ou enganoso em nosso site para que possamos remover imediatamente o an\u00fancio ou banir o recrutador do site.\" \/>\n<meta name=\"robots\" content=\"index, follow, max-snippet:-1, max-image-preview:large, max-video-preview:-1\" \/>\n<link rel=\"canonical\" href=\"https:\/\/www.vagasempregosp.com.br\/index.php\/denunciar-anuncio\/\" \/>\n<meta property=\"og:locale\" content=\"pt_BR\" \/>\n<meta property=\"og:type\" content=\"article\" \/>\n<meta property=\"og:title\" content=\"Denuncie\" \/>\n<meta property=\"og:description\" content=\"Denuncie se por acaso encontrar um an\u00fancio ilegal ou enganoso em nosso site para que possamos remover imediatamente o an\u00fancio ou banir o recrutador do site.\" \/>\n<meta property=\"og:url\" content=\"https:\/\/www.vagasempregosp.com.br\/index.php\/denunciar-anuncio\/\" \/>\n<meta property=\"og:site_name\" content=\"VagasEmpregoSP\" \/>\n<meta name=\"twitter:card\" content=\"summary_large_image\" \/>\n<meta name=\"twitter:label1\" content=\"Est. tempo de leitura\" \/>\n\t<meta name=\"twitter:data1\" content=\"1 minuto\" \/>\n<script type=\"application\/ld+json\" class=\"yoast-schema-graph\">{\"@context\":\"https:\\\/\\\/schema.org\",\"@graph\":[{\"@type\":\"WebPage\",\"@id\":\"https:\\\/\\\/www.vagasempregosp.com.br\\\/index.php\\\/denunciar-anuncio\\\/\",\"url\":\"https:\\\/\\\/www.vagasempregosp.com.br\\\/index.php\\\/denunciar-anuncio\\\/\",\"name\":\"Denuncie\",\"isPartOf\":{\"@id\":\"https:\\\/\\\/www.vagasempregosp.com.br\\\/#website\"},\"datePublished\":\"2014-05-16T03:07:32+00:00\",\"description\":\"Denuncie se por acaso encontrar um an\u00fancio ilegal ou enganoso em nosso site para que possamos remover imediatamente o an\u00fancio ou banir o recrutador do site.\",\"breadcrumb\":{\"@id\":\"https:\\\/\\\/www.vagasempregosp.com.br\\\/index.php\\\/denunciar-anuncio\\\/#breadcrumb\"},\"inLanguage\":\"pt-BR\",\"potentialAction\":[{\"@type\":\"ReadAction\",\"target\":[\"https:\\\/\\\/www.vagasempregosp.com.br\\\/index.php\\\/denunciar-anuncio\\\/\"]}]},{\"@type\":\"BreadcrumbList\",\"@id\":\"https:\\\/\\\/www.vagasempregosp.com.br\\\/index.php\\\/denunciar-anuncio\\\/#breadcrumb\",\"itemListElement\":[{\"@type\":\"ListItem\",\"position\":1,\"name\":\"Home\",\"item\":\"https:\\\/\\\/www.vagasempregosp.com.br\\\/\"},{\"@type\":\"ListItem\",\"position\":2,\"name\":\"Denunciar\"}]},{\"@type\":\"WebSite\",\"@id\":\"https:\\\/\\\/www.vagasempregosp.com.br\\\/#website\",\"url\":\"https:\\\/\\\/www.vagasempregosp.com.br\\\/\",\"name\":\"VagasEmpregoSP\",\"description\":\"Vagas de Emprego e Est\u00e1gio em S\u00e3o Paulo\",\"publisher\":{\"@id\":\"https:\\\/\\\/www.vagasempregosp.com.br\\\/#organization\"},\"potentialAction\":[{\"@type\":\"SearchAction\",\"target\":{\"@type\":\"EntryPoint\",\"urlTemplate\":\"https:\\\/\\\/www.vagasempregosp.com.br\\\/?s={search_term_string}\"},\"query-input\":{\"@type\":\"PropertyValueSpecification\",\"valueRequired\":true,\"valueName\":\"search_term_string\"}}],\"inLanguage\":\"pt-BR\"},{\"@type\":\"Organization\",\"@id\":\"https:\\\/\\\/www.vagasempregosp.com.br\\\/#organization\",\"name\":\"VagasEmpregoSP\",\"url\":\"https:\\\/\\\/www.vagasempregosp.com.br\\\/\",\"logo\":{\"@type\":\"ImageObject\",\"inLanguage\":\"pt-BR\",\"@id\":\"https:\\\/\\\/www.vagasempregosp.com.br\\\/#\\\/schema\\\/logo\\\/image\\\/\",\"url\":\"https:\\\/\\\/www.vagasempregosp.com.br\\\/wp-content\\\/uploads\\\/2025\\\/06\\\/cropped-logovsp2015.jpg\",\"contentUrl\":\"https:\\\/\\\/www.vagasempregosp.com.br\\\/wp-content\\\/uploads\\\/2025\\\/06\\\/cropped-logovsp2015.jpg\",\"width\":323,\"height\":90,\"caption\":\"VagasEmpregoSP\"},\"image\":{\"@id\":\"https:\\\/\\\/www.vagasempregosp.com.br\\\/#\\\/schema\\\/logo\\\/image\\\/\"}}]}<\/script>\n<!-- \/ Yoast SEO plugin. -->","yoast_head_json":{"title":"Denuncie","description":"Denuncie se por acaso encontrar um an\u00fancio ilegal ou enganoso em nosso site para que possamos remover imediatamente o an\u00fancio ou banir o recrutador do site.","robots":{"index":"index","follow":"follow","max-snippet":"max-snippet:-1","max-image-preview":"max-image-preview:large","max-video-preview":"max-video-preview:-1"},"canonical":"https:\/\/www.vagasempregosp.com.br\/index.php\/denunciar-anuncio\/","og_locale":"pt_BR","og_type":"article","og_title":"Denuncie","og_description":"Denuncie se por acaso encontrar um an\u00fancio ilegal ou enganoso em nosso site para que possamos remover imediatamente o an\u00fancio ou banir o recrutador do site.","og_url":"https:\/\/www.vagasempregosp.com.br\/index.php\/denunciar-anuncio\/","og_site_name":"VagasEmpregoSP","twitter_card":"summary_large_image","twitter_misc":{"Est. tempo de leitura":"1 minuto"},"schema":{"@context":"https:\/\/schema.org","@graph":[{"@type":"WebPage","@id":"https:\/\/www.vagasempregosp.com.br\/index.php\/denunciar-anuncio\/","url":"https:\/\/www.vagasempregosp.com.br\/index.php\/denunciar-anuncio\/","name":"Denuncie","isPartOf":{"@id":"https:\/\/www.vagasempregosp.com.br\/#website"},"datePublished":"2014-05-16T03:07:32+00:00","description":"Denuncie se por acaso encontrar um an\u00fancio ilegal ou enganoso em nosso site para que possamos remover imediatamente o an\u00fancio ou banir o recrutador do site.","breadcrumb":{"@id":"https:\/\/www.vagasempregosp.com.br\/index.php\/denunciar-anuncio\/#breadcrumb"},"inLanguage":"pt-BR","potentialAction":[{"@type":"ReadAction","target":["https:\/\/www.vagasempregosp.com.br\/index.php\/denunciar-anuncio\/"]}]},{"@type":"BreadcrumbList","@id":"https:\/\/www.vagasempregosp.com.br\/index.php\/denunciar-anuncio\/#breadcrumb","itemListElement":[{"@type":"ListItem","position":1,"name":"Home","item":"https:\/\/www.vagasempregosp.com.br\/"},{"@type":"ListItem","position":2,"name":"Denunciar"}]},{"@type":"WebSite","@id":"https:\/\/www.vagasempregosp.com.br\/#website","url":"https:\/\/www.vagasempregosp.com.br\/","name":"VagasEmpregoSP","description":"Vagas de Emprego e Est\u00e1gio em S\u00e3o Paulo","publisher":{"@id":"https:\/\/www.vagasempregosp.com.br\/#organization"},"potentialAction":[{"@type":"SearchAction","target":{"@type":"EntryPoint","urlTemplate":"https:\/\/www.vagasempregosp.com.br\/?s={search_term_string}"},"query-input":{"@type":"PropertyValueSpecification","valueRequired":true,"valueName":"search_term_string"}}],"inLanguage":"pt-BR"},{"@type":"Organization","@id":"https:\/\/www.vagasempregosp.com.br\/#organization","name":"VagasEmpregoSP","url":"https:\/\/www.vagasempregosp.com.br\/","logo":{"@type":"ImageObject","inLanguage":"pt-BR","@id":"https:\/\/www.vagasempregosp.com.br\/#\/schema\/logo\/image\/","url":"https:\/\/www.vagasempregosp.com.br\/wp-content\/uploads\/2025\/06\/cropped-logovsp2015.jpg","contentUrl":"https:\/\/www.vagasempregosp.com.br\/wp-content\/uploads\/2025\/06\/cropped-logovsp2015.jpg","width":323,"height":90,"caption":"VagasEmpregoSP"},"image":{"@id":"https:\/\/www.vagasempregosp.com.br\/#\/schema\/logo\/image\/"}}]}},"_links":{"self":[{"href":"https:\/\/www.vagasempregosp.com.br\/index.php\/wp-json\/wp\/v2\/pages\/23313","targetHints":{"allow":["GET"]}}],"collection":[{"href":"https:\/\/www.vagasempregosp.com.br\/index.php\/wp-json\/wp\/v2\/pages"}],"about":[{"href":"https:\/\/www.vagasempregosp.com.br\/index.php\/wp-json\/wp\/v2\/types\/page"}],"author":[{"embeddable":true,"href":"https:\/\/www.vagasempregosp.com.br\/index.php\/wp-json\/wp\/v2\/users\/2"}],"replies":[{"embeddable":true,"href":"https:\/\/www.vagasempregosp.com.br\/index.php\/wp-json\/wp\/v2\/comments?post=23313"}],"version-history":[{"count":0,"href":"https:\/\/www.vagasempregosp.com.br\/index.php\/wp-json\/wp\/v2\/pages\/23313\/revisions"}],"wp:attachment":[{"href":"https:\/\/www.vagasempregosp.com.br\/index.php\/wp-json\/wp\/v2\/media?parent=23313"}],"curies":[{"name":"wp","href":"https:\/\/api.w.org\/{rel}","templated":true}]}}